{"id":2,"date":"2021-04-12T18:58:58","date_gmt":"2021-04-12T18:58:58","guid":{"rendered":"https:\/\/mayser.dk\/?page_id=2"},"modified":"2023-01-07T15:38:02","modified_gmt":"2023-01-07T15:38:02","slug":"sample-page","status":"publish","type":"page","link":"https:\/\/mayser.dk\/","title":{"rendered":"Velkommen til Mayser.dk"},"content":{"rendered":"\n<p>&#8230;Herligt du fandt mig<\/p>\n\n\n\n<blockquote class=\"wp-block-quote is-layout-flow wp-block-quote-is-layout-flow\">\n<p>Nysgerrig p\u00e5 mere .. f\u00f8lg os p\u00e5 <a href=\"https:\/\/www.instagram.com\/van_hikers\/\" data-type=\"URL\" data-id=\"https:\/\/www.instagram.com\/van_hikers\/\">instagram <\/a><\/p>\n<cite>&#8220;If you can dream it, you can do it !<\/cite><\/blockquote>\n\n\n\n<p><\/p>\n","protected":false},"excerpt":{"rendered":"<p>&#8230;Herligt du fandt mig Nysgerrig p\u00e5 mere .. f\u00f8lg os p\u00e5 instagram &#8220;If you can dream it, you can do it !<\/p>\n","protected":false},"author":1,"featured_media":0,"parent":0,"menu_order":0,"comment_status":"closed","ping_status":"open","template":"","meta":{"footnotes":""},"class_list":["post-2","page","type-page","status-publish","hentry"],"_links":{"self":[{"href":"https:\/\/mayser.dk\/index.php\/wp-json\/wp\/v2\/pages\/2","targetHints":{"allow":["GET"]}}],"collection":[{"href":"https:\/\/mayser.dk\/index.php\/wp-json\/wp\/v2\/pages"}],"about":[{"href":"https:\/\/mayser.dk\/index.php\/wp-json\/wp\/v2\/types\/page"}],"author":[{"embeddable":true,"href":"https:\/\/mayser.dk\/index.php\/wp-json\/wp\/v2\/users\/1"}],"replies":[{"embeddable":true,"href":"https:\/\/mayser.dk\/index.php\/wp-json\/wp\/v2\/comments?post=2"}],"version-history":[{"count":4,"href":"https:\/\/mayser.dk\/index.php\/wp-json\/wp\/v2\/pages\/2\/revisions"}],"predecessor-version":[{"id":51,"href":"https:\/\/mayser.dk\/index.php\/wp-json\/wp\/v2\/pages\/2\/revisions\/51"}],"wp:attachment":[{"href":"https:\/\/mayser.dk\/index.php\/wp-json\/wp\/v2\/media?parent=2"}],"curies":[{"name":"wp","href":"https:\/\/api.w.org\/{rel}","templated":true}]}}